{"id":21,"date":"2022-02-02T11:03:46","date_gmt":"2022-02-02T11:03:46","guid":{"rendered":"https:\/\/velured.com\/?page_id=21"},"modified":"2022-05-20T13:36:24","modified_gmt":"2022-05-20T13:36:24","slug":"about-us","status":"publish","type":"page","link":"https:\/\/velured.com\/pl\/about-us\/","title":{"rendered":"O nas"},"content":{"rendered":"<blockquote><p><b><i><span>Velured \u2013 trendy w modnej odzie\u017cy i dodatkach to nasza specjalno\u015b\u0107, kt\u00f3ra sprawi, \u017ce b\u0119dziesz wygl\u0105da\u0107 lepiej!<\/span><\/i><\/b><\/p><\/blockquote>\n<p>&nbsp;<\/p>\n<p><i><a href=\"https:\/\/translate.google.com\/website?sl=en&amp;tl=pl&amp;hl=en&amp;client=webapp&amp;u=https:\/\/velured.com\/\" rel=\"\"><span>Velured.com<\/span><\/a><span>\u00a0to wszystko o\u00a0<\/span><strong><span>modzie damskiej<\/span><\/strong><span>\u00a0io\u00a0<\/span><strong><span>tym, jak by\u0107 pi\u0119kn\u0105<\/span><\/strong><span>\u00a0.\u00a0Zale\u017cy nam na dzieleniu si\u0119 dobrymi informacjami na temat najnowszej mody i stylu \u017cycia, o kt\u00f3rych ka\u017cda kobieta chce si\u0119 dowiedzie\u0107.<\/span><\/i><\/p>\n<p><i><span>Om\u00f3wimy\u00a0<\/span><strong><span>modne ubrania<\/span><\/strong><span>\u00a0i\u00a0<\/span><strong><span>akcesoria<\/span><\/strong><span>\u00a0, takie jak\u00a0<\/span><strong><span>bi\u017cuteria<\/span><\/strong><span>\u00a0,\u00a0<\/span><strong><span>zegarki<\/span><\/strong><span>\u00a0,\u00a0<\/span><strong><span>torebki<\/span><\/strong><span>\u00a0,\u00a0<\/span><strong><span>buty<\/span><\/strong><span>\u00a0,\u00a0<\/span><strong><span>porady dotycz\u0105ce piel\u0119gnacji urody i sk\u00f3ry,<\/span><\/strong><span>\u00a0w tym co kupi\u0107 dalej i gdzie najlepiej kupi\u0107.\u00a0Dodatkowo b\u0119dziemy publikowa\u0107 artyku\u0142y na blogu, kt\u00f3re dotycz\u0105 tego, jak poprawi\u0107 i stylizowa\u0107 si\u0119 zgodnie z aktualnymi trendami w modzie.<\/span><\/i><\/p>\n<p><i><span>Bior\u0105c to wszystko pod uwag\u0119,\u00a0<\/span><a href=\"https:\/\/translate.google.com\/website?sl=en&amp;tl=pl&amp;hl=en&amp;client=webapp&amp;u=https:\/\/velured.com\/\" rel=\"\"><span>Velured.com<\/span><\/a><span>\u00a0rozumie, \u017ce moda jest niezb\u0119dna dla kobiet w ka\u017cdym wieku, a nowe pomys\u0142y na jej temat powinny by\u0107 dzielone swobodnie i poprawnie.\u00a0<span class=\"goog-text-highlight\">W naszych artyku\u0142ach na blogu znajdziesz porady i poradniki dotycz\u0105ce mody i stylu \u017cycia zakupowego, kt\u00f3rych nie mo\u017cesz przegapi\u0107.<\/span><\/span><\/i><\/p>\n","protected":false},"excerpt":{"rendered":"<p>Velured \u2013 trendy w modnej odzie\u017cy i dodatkach to nasza specjalno\u015b\u0107, kt\u00f3ra sprawi, \u017ce b\u0119dziesz wygl\u0105da\u0107 lepiej! &nbsp; Velured.com\u00a0to wszystko o\u00a0modzie damskiej\u00a0io\u00a0tym, jak by\u0107 pi\u0119kn\u0105\u00a0.\u00a0Zale\u017cy nam na dzieleniu si\u0119 dobrymi&hellip;<\/p>\n","protected":false},"author":1,"featured_media":0,"parent":0,"menu_order":0,"comment_status":"closed","ping_status":"closed","template":"","meta":{"footnotes":""},"class_list":["post-21","page","type-page","status-publish"],"_links":{"self":[{"href":"https:\/\/velured.com\/pl\/wp-json\/wp\/v2\/pages\/21","targetHints":{"allow":["GET"]}}],"collection":[{"href":"https:\/\/velured.com\/pl\/wp-json\/wp\/v2\/pages"}],"about":[{"href":"https:\/\/velured.com\/pl\/wp-json\/wp\/v2\/types\/page"}],"author":[{"embeddable":true,"href":"https:\/\/velured.com\/pl\/wp-json\/wp\/v2\/users\/1"}],"replies":[{"embeddable":true,"href":"https:\/\/velured.com\/pl\/wp-json\/wp\/v2\/comments?post=21"}],"version-history":[{"count":1,"href":"https:\/\/velured.com\/pl\/wp-json\/wp\/v2\/pages\/21\/revisions"}],"predecessor-version":[{"id":489,"href":"https:\/\/velured.com\/pl\/wp-json\/wp\/v2\/pages\/21\/revisions\/489"}],"wp:attachment":[{"href":"https:\/\/velured.com\/pl\/wp-json\/wp\/v2\/media?parent=21"}],"curies":[{"name":"wp","href":"https:\/\/api.w.org\/{rel}","templated":true}]}}