{"id":21,"date":"2022-02-02T11:03:46","date_gmt":"2022-02-02T11:03:46","guid":{"rendered":"https:\/\/velured.com\/de\/uber-uns"},"modified":"2022-03-26T11:52:26","modified_gmt":"2022-03-26T11:52:26","slug":"uber-uns","status":"publish","type":"page","link":"https:\/\/velured.com\/de\/uber-uns\/","title":{"rendered":"\u00dcber uns"},"content":{"rendered":"<blockquote><p><b><i><span><span class=\"\">Velured \u2013 Trends \u00fcber modische Kleidung und Accessoires ist unsere Spezialit\u00e4t, damit Sie besser aussehen!<\/span><\/span><\/i><\/b><\/p><\/blockquote>\n<p>&nbsp;<\/p>\n<p><i><a href=\"https:\/\/velured.com\" rel=\"\"><span>Bei Velured.com dreht<\/span><\/a><span>\u00a0sich alles um\u00a0<\/span><strong><span>Damenmode<\/span><\/strong><span>\u00a0und\u00a0<\/span><strong><span>darum, sch\u00f6n zu sein<\/span><\/strong><span>\u00a0.\u00a0Wir verpflichten uns, gute Informationen \u00fcber die neueste Mode und den neuesten Lebensstil zu teilen, die jede Frau kennenlernen m\u00f6chte.<\/span><\/i><\/p>\n<p><i><span>Wir behandeln\u00a0<\/span><strong><span>modische Kleidung<\/span><\/strong><span>\u00a0und\u00a0<\/span><strong><span>Accessoires<\/span><\/strong><span>\u00a0wie\u00a0<\/span><strong><span>Schmuck<\/span><\/strong><span>\u00a0,\u00a0<\/span><strong><span>Uhren<\/span><\/strong><span>\u00a0,\u00a0<\/span><strong><span>Handtaschen<\/span><\/strong><span>\u00a0,\u00a0<\/span><strong><span>Schuhe<\/span><\/strong><span>\u00a0,\u00a0<\/span><strong><span>Sch\u00f6nheits- und Hautpflegetipps,<\/span><\/strong><span>\u00a0einschlie\u00dflich was Sie als n\u00e4chstes kaufen sollten und wo Sie es am besten kaufen k\u00f6nnen.\u00a0Au\u00dferdem werden wir weiterhin Blogartikel ver\u00f6ffentlichen, in denen es darum geht, wie Sie sich gem\u00e4\u00df den aktuellen Modetrends verbessern und stylen k\u00f6nnen.<\/span><\/i><\/p>\n<p><i><a href=\"https:\/\/velured.com\" rel=\"\"><span>Nach alledem versteht Velured.com<\/span><\/a><span>\u00a0,\u00a0dass Mode f\u00fcr Frauen jeden Alters unerl\u00e4sslich ist und die neuen Ideen dar\u00fcber frei und korrekt geteilt werden sollten.\u00a0<span class=\"goog-text-highlight\">In unseren Blogartikeln finden Sie Tipps und Ratgeberartikel rund um Mode und Shopping-Lifestyle, die Sie sich nicht entgehen lassen sollten.<\/span><\/span><\/i><\/p>\n<p>&nbsp;<\/p>\n","protected":false},"excerpt":{"rendered":"<p>Velured \u2013 Trends \u00fcber modische Kleidung und Accessoires ist unsere Spezialit\u00e4t, damit Sie besser aussehen! &nbsp; Bei Velured.com dreht\u00a0sich alles um\u00a0Damenmode\u00a0und\u00a0darum, sch\u00f6n zu sein\u00a0.\u00a0Wir verpflichten uns, gute Informationen \u00fcber die&hellip;<\/p>\n","protected":false},"author":1,"featured_media":0,"parent":0,"menu_order":0,"comment_status":"closed","ping_status":"closed","template":"","meta":{"footnotes":""},"_links":{"self":[{"href":"https:\/\/velured.com\/de\/wp-json\/wp\/v2\/pages\/21"}],"collection":[{"href":"https:\/\/velured.com\/de\/wp-json\/wp\/v2\/pages"}],"about":[{"href":"https:\/\/velured.com\/de\/wp-json\/wp\/v2\/types\/page"}],"author":[{"embeddable":true,"href":"https:\/\/velured.com\/de\/wp-json\/wp\/v2\/users\/1"}],"replies":[{"embeddable":true,"href":"https:\/\/velured.com\/de\/wp-json\/wp\/v2\/comments?post=21"}],"version-history":[{"count":1,"href":"https:\/\/velured.com\/de\/wp-json\/wp\/v2\/pages\/21\/revisions"}],"predecessor-version":[{"id":380,"href":"https:\/\/velured.com\/de\/wp-json\/wp\/v2\/pages\/21\/revisions\/380"}],"wp:attachment":[{"href":"https:\/\/velured.com\/de\/wp-json\/wp\/v2\/media?parent=21"}],"curies":[{"name":"wp","href":"https:\/\/api.w.org\/{rel}","templated":true}]}}