{"id":21,"date":"2022-02-02T11:03:46","date_gmt":"2022-02-02T11:03:46","guid":{"rendered":"https:\/\/velured.com\/?page_id=21"},"modified":"2022-03-18T04:30:30","modified_gmt":"2022-03-18T04:30:30","slug":"about-us","status":"publish","type":"page","link":"https:\/\/velured.com\/br\/about-us\/","title":{"rendered":"Sobre N\u00f3s"},"content":{"rendered":"<blockquote><p><em><strong>Velured &#8211; Tend\u00eancias sobre Moda Roupas e Acess\u00f3rios \u00e9 a nossa especialidade para deixar voc\u00ea ainda mais linda!<\/strong><\/em><\/p><\/blockquote>\n<p>&nbsp;<\/p>\n<p><em><a href=\"https:\/\/velured.com\/\"><strong>Velured.com<\/strong> <\/a>\u00e9 tudo sobre <strong>moda feminina<\/strong> e <strong>como ser bonita<\/strong>. Estamos empenhados em compartilhar boas informa\u00e7\u00f5es sobre a \u00faltima moda e estilo de vida que toda mulher quer aprender.<\/em><\/p>\n<p><em>Abordaremos <strong>roupas<\/strong> e <strong>acess\u00f3rios de moda<\/strong>, <strong>como joias<\/strong>, <strong>rel\u00f3gios<\/strong>, <strong>bolsas<\/strong>, <strong>sapatos<\/strong>,<strong> dicas de beleza e cuidados com a pele<\/strong>, incluindo o que comprar em seguida e onde compr\u00e1-lo na melhor das hip\u00f3teses. Al\u00e9m disso, continuaremos postando artigos de blog que abordam como melhorar e se estilizar de acordo com as tend\u00eancias atuais da moda.<\/em><\/p>\n<p><em>Com tudo isso dito, a <a href=\"https:\/\/velured.com\/\"><strong>Velured.com<\/strong><\/a> entende que a moda \u00e9 essencial para as mulheres de todas as idades e as novas ideias sobre ela devem ser compartilhadas de forma livre e correta. Nossos artigos do blog apresentar\u00e3o dicas e artigos guia sobre moda e estilo de vida de compras que voc\u00ea n\u00e3o deve perder.<\/em><\/p>\n<p><img loading=\"lazy\" decoding=\"async\" class=\"aligncenter wp-image-558\" title=\"Velured - Tend\u00eancias sobre Moda Roupas e Acess\u00f3rios \u00e9 a nossa especialidade para deixar voc\u00ea ainda mais linda!\" src=\"https:\/\/velured.com\/br\/wp-content\/uploads\/2022\/03\/VELUREDFAVICON.png\" alt=\"Velured - Tend\u00eancias sobre Moda Roupas e Acess\u00f3rios \u00e9 a nossa especialidade para deixar voc\u00ea ainda mais linda!\" width=\"100\" height=\"101\" srcset=\"https:\/\/velured.com\/br\/wp-content\/uploads\/2022\/03\/VELUREDFAVICON.png 210w, https:\/\/velured.com\/br\/wp-content\/uploads\/2022\/03\/VELUREDFAVICON-60x60.png 60w, https:\/\/velured.com\/br\/wp-content\/uploads\/2022\/03\/VELUREDFAVICON-80x80.png 80w, https:\/\/velured.com\/br\/wp-content\/uploads\/2022\/03\/VELUREDFAVICON-120x120.png 120w, https:\/\/velured.com\/br\/wp-content\/uploads\/2022\/03\/VELUREDFAVICON-90x90.png 90w\" sizes=\"auto, (max-width: 100px) 100vw, 100px\" \/><\/p>\n","protected":false},"excerpt":{"rendered":"<p>Velured &#8211; Tend\u00eancias sobre Moda Roupas e Acess\u00f3rios \u00e9 a nossa especialidade para deixar voc\u00ea ainda mais linda! &nbsp; Velured.com \u00e9 tudo sobre moda feminina e como ser bonita. Estamos&hellip;<\/p>\n","protected":false},"author":1,"featured_media":0,"parent":0,"menu_order":0,"comment_status":"closed","ping_status":"closed","template":"","meta":{"footnotes":""},"class_list":["post-21","page","type-page","status-publish"],"_links":{"self":[{"href":"https:\/\/velured.com\/br\/wp-json\/wp\/v2\/pages\/21","targetHints":{"allow":["GET"]}}],"collection":[{"href":"https:\/\/velured.com\/br\/wp-json\/wp\/v2\/pages"}],"about":[{"href":"https:\/\/velured.com\/br\/wp-json\/wp\/v2\/types\/page"}],"author":[{"embeddable":true,"href":"https:\/\/velured.com\/br\/wp-json\/wp\/v2\/users\/1"}],"replies":[{"embeddable":true,"href":"https:\/\/velured.com\/br\/wp-json\/wp\/v2\/comments?post=21"}],"version-history":[{"count":7,"href":"https:\/\/velured.com\/br\/wp-json\/wp\/v2\/pages\/21\/revisions"}],"predecessor-version":[{"id":565,"href":"https:\/\/velured.com\/br\/wp-json\/wp\/v2\/pages\/21\/revisions\/565"}],"wp:attachment":[{"href":"https:\/\/velured.com\/br\/wp-json\/wp\/v2\/media?parent=21"}],"curies":[{"name":"wp","href":"https:\/\/api.w.org\/{rel}","templated":true}]}}